{"id":5037,"date":"2023-03-10T20:12:45","date_gmt":"2023-03-10T18:12:45","guid":{"rendered":"https:\/\/www.fil-fle-lyon.com\/siteWP\/?page_id=5037"},"modified":"2023-03-11T21:59:00","modified_gmt":"2023-03-11T19:59:00","slug":"contact","status":"publish","type":"page","link":"https:\/\/www.fil-fle-lyon.com\/siteWP\/contact\/","title":{"rendered":"Contact"},"content":{"rendered":"\t\t<div data-elementor-type=\"wp-page\" data-elementor-id=\"5037\" class=\"elementor elementor-5037\">\n\t\t\t\t\t\t<section class=\"elementor-section elementor-top-section elementor-element elementor-element-7ddb688 elementor-section-boxed elementor-section-height-default elementor-section-height-default\" data-id=\"7ddb688\" data-element_type=\"section\" data-e-type=\"section\">\n\t\t\t\t\t\t<div class=\"elementor-container elementor-column-gap-default\">\n\t\t\t\t\t<div class=\"elementor-column elementor-col-100 elementor-top-column elementor-element elementor-element-822bcc1\" data-id=\"822bcc1\" data-element_type=\"column\" data-e-type=\"column\">\n\t\t\t<div class=\"elementor-widget-wrap elementor-element-populated\">\n\t\t\t\t\t\t<div class=\"elementor-element elementor-element-e936441 elementor-widget elementor-widget-text-editor\" data-id=\"e936441\" data-element_type=\"widget\" data-e-type=\"widget\" data-widget_type=\"text-editor.default\">\n\t\t\t\t<div class=\"elementor-widget-container\">\n\t\t\t\t\t\t\t\t\t<h3>Pourquoi voulez-vous contacter FIL ?<\/h3>\n<p><b>Pour vous inscrire \u00e0 un cours de fran\u00e7ais, il est inutile d&rsquo;envoyer un mail<\/b>. Lisez attentivement la page <b><a href=\"https:\/\/www.fil-fle-lyon.com\/siteWP\/je-cherche-un-cours\/\" target=\"_blank\" rel=\"noopener\">\u00ab\u00a0Je cherche un cours\u00a0\u00bb<\/a><\/b>. Celle-ci contient les informations de base dont vous avez besoin : lieux et heures des cours, niveaux et co\u00fbts, et surtout horaires des permanences d&rsquo;accueil. Pour avoir plus de d\u00e9tails, pour savoir quel cours pr\u00e9cis vous convient et pour vous inscrire, <b>vous devez vous pr\u00e9senter \u00e0 la permanence d&rsquo;accueil <\/b>la plus proche de votre domicile ou de votre travail.<\/p>\n<p><b>Pour toute autre demande<\/b>, vous pouvez envoyer un mail \u00e0 <b><a href=\"mailto:\/\/filflelyon@gmail.com\">filflelyon@gmail.com<\/a><\/b><\/p>\n<p><\/p>\t\t\t\t\t\t\t\t<\/div>\n\t\t\t\t<\/div>\n\t\t\t\t\t<\/div>\n\t\t<\/div>\n\t\t\t\t\t<\/div>\n\t\t<\/section>\n\t\t\t\t<\/div>\n\t\t","protected":false},"excerpt":{"rendered":"<p>Pourquoi voulez-vous contacter FIL ? Pour vous inscrire \u00e0 un cours de fran\u00e7ais, il est inutile d&rsquo;envoyer un mail. Lisez attentivement la page \u00ab\u00a0Je cherche un cours\u00a0\u00bb. Celle-ci contient les informations de base dont vous avez besoin : lieux et heures des cours, niveaux et co\u00fbts, et surtout horaires des permanences d&rsquo;accueil. Pour avoir plus [&hellip;]<\/p>\n","protected":false},"author":3,"featured_media":0,"parent":0,"menu_order":0,"comment_status":"closed","ping_status":"closed","template":"","meta":{"site-sidebar-layout":"no-sidebar","site-content-layout":"page-builder","ast-site-content-layout":"default","site-content-style":"default","site-sidebar-style":"default","ast-global-header-display":"","ast-banner-title-visibility":"","ast-main-header-display":"","ast-hfb-above-header-display":"","ast-hfb-below-header-display":"","ast-hfb-mobile-header-display":"","site-post-title":"disabled","ast-breadcrumbs-content":"","ast-featured-img":"disabled","footer-sml-layout":"","ast-disable-related-posts":"","theme-transparent-header-meta":"","adv-header-id-meta":"","stick-header-meta":"","header-above-stick-meta":"","header-main-stick-meta":"","header-below-stick-meta":"","astra-migrate-meta-layouts":"default","ast-page-background-enabled":"default","ast-page-background-meta":{"desktop":{"background-color":"","background-image":"","background-repeat":"repeat","background-position":"center center","background-size":"auto","background-attachment":"scroll","background-type":"","background-media":"","overlay-type":"","overlay-color":"","overlay-opacity":"","overlay-gradient":""},"tablet":{"background-color":"","background-image":"","background-repeat":"repeat","background-position":"center center","background-size":"auto","background-attachment":"scroll","background-type":"","background-media":"","overlay-type":"","overlay-color":"","overlay-opacity":"","overlay-gradient":""},"mobile":{"background-color":"","background-image":"","background-repeat":"repeat","background-position":"center center","background-size":"auto","background-attachment":"scroll","background-type":"","background-media":"","overlay-type":"","overlay-color":"","overlay-opacity":"","overlay-gradient":""}},"ast-content-background-meta":{"desktop":{"background-color":"var(--ast-global-color-5)","background-image":"","background-repeat":"repeat","background-position":"center center","background-size":"auto","background-attachment":"scroll","background-type":"","background-media":"","overlay-type":"","overlay-color":"","overlay-opacity":"","overlay-gradient":""},"tablet":{"background-color":"var(--ast-global-color-5)","background-image":"","background-repeat":"repeat","background-position":"center center","background-size":"auto","background-attachment":"scroll","background-type":"","background-media":"","overlay-type":"","overlay-color":"","overlay-opacity":"","overlay-gradient":""},"mobile":{"background-color":"var(--ast-global-color-5)","background-image":"","background-repeat":"repeat","background-position":"center center","background-size":"auto","background-attachment":"scroll","background-type":"","background-media":"","overlay-type":"","overlay-color":"","overlay-opacity":"","overlay-gradient":""}},"footnotes":""},"coauthors":[37],"class_list":["post-5037","page","type-page","status-publish","hentry"],"yoast_head":"<!-- This site is optimized with the Yoast SEO plugin v27.4 - https:\/\/yoast.com\/product\/yoast-seo-wordpress\/ -->\n<title>Contact - FIL<\/title>\n<meta name=\"robots\" content=\"index, follow, max-snippet:-1, max-image-preview:large, max-video-preview:-1\" \/>\n<link rel=\"canonical\" href=\"https:\/\/www.fil-fle-lyon.com\/siteWP\/contact\/\" \/>\n<meta property=\"og:locale\" content=\"fr_FR\" \/>\n<meta property=\"og:type\" content=\"article\" \/>\n<meta property=\"og:title\" content=\"Contact - FIL\" \/>\n<meta property=\"og:description\" content=\"Pourquoi voulez-vous contacter FIL ? Pour vous inscrire \u00e0 un cours de fran\u00e7ais, il est inutile d&rsquo;envoyer un mail. Lisez attentivement la page \u00ab\u00a0Je cherche un cours\u00a0\u00bb. Celle-ci contient les informations de base dont vous avez besoin : lieux et heures des cours, niveaux et co\u00fbts, et surtout horaires des permanences d&rsquo;accueil. Pour avoir plus [&hellip;]\" \/>\n<meta property=\"og:url\" content=\"https:\/\/www.fil-fle-lyon.com\/siteWP\/contact\/\" \/>\n<meta property=\"og:site_name\" content=\"FIL\" \/>\n<meta property=\"article:modified_time\" content=\"2023-03-11T19:59:00+00:00\" \/>\n<meta name=\"twitter:card\" content=\"summary_large_image\" \/>\n<script type=\"application\/ld+json\" class=\"yoast-schema-graph\">{\"@context\":\"https:\\\/\\\/schema.org\",\"@graph\":[{\"@type\":\"WebPage\",\"@id\":\"https:\\\/\\\/www.fil-fle-lyon.com\\\/siteWP\\\/contact\\\/\",\"url\":\"https:\\\/\\\/www.fil-fle-lyon.com\\\/siteWP\\\/contact\\\/\",\"name\":\"Contact - FIL\",\"isPartOf\":{\"@id\":\"https:\\\/\\\/www.fil-fle-lyon.com\\\/siteWP\\\/#website\"},\"datePublished\":\"2023-03-10T18:12:45+00:00\",\"dateModified\":\"2023-03-11T19:59:00+00:00\",\"breadcrumb\":{\"@id\":\"https:\\\/\\\/www.fil-fle-lyon.com\\\/siteWP\\\/contact\\\/#breadcrumb\"},\"inLanguage\":\"fr-FR\",\"potentialAction\":[{\"@type\":\"ReadAction\",\"target\":[\"https:\\\/\\\/www.fil-fle-lyon.com\\\/siteWP\\\/contact\\\/\"]}]},{\"@type\":\"BreadcrumbList\",\"@id\":\"https:\\\/\\\/www.fil-fle-lyon.com\\\/siteWP\\\/contact\\\/#breadcrumb\",\"itemListElement\":[{\"@type\":\"ListItem\",\"position\":1,\"name\":\"Accueil\",\"item\":\"https:\\\/\\\/www.fil-fle-lyon.com\\\/siteWP\\\/\"},{\"@type\":\"ListItem\",\"position\":2,\"name\":\"Contact\"}]},{\"@type\":\"WebSite\",\"@id\":\"https:\\\/\\\/www.fil-fle-lyon.com\\\/siteWP\\\/#website\",\"url\":\"https:\\\/\\\/www.fil-fle-lyon.com\\\/siteWP\\\/\",\"name\":\"FIL\",\"description\":\"Faciliter l&#039;insertion par la langage\",\"publisher\":{\"@id\":\"https:\\\/\\\/www.fil-fle-lyon.com\\\/siteWP\\\/#organization\"},\"potentialAction\":[{\"@type\":\"SearchAction\",\"target\":{\"@type\":\"EntryPoint\",\"urlTemplate\":\"https:\\\/\\\/www.fil-fle-lyon.com\\\/siteWP\\\/?s={search_term_string}\"},\"query-input\":{\"@type\":\"PropertyValueSpecification\",\"valueRequired\":true,\"valueName\":\"search_term_string\"}}],\"inLanguage\":\"fr-FR\"},{\"@type\":\"Organization\",\"@id\":\"https:\\\/\\\/www.fil-fle-lyon.com\\\/siteWP\\\/#organization\",\"name\":\"FIL (faciliter l'i\",\"url\":\"https:\\\/\\\/www.fil-fle-lyon.com\\\/siteWP\\\/\",\"logo\":{\"@type\":\"ImageObject\",\"inLanguage\":\"fr-FR\",\"@id\":\"https:\\\/\\\/www.fil-fle-lyon.com\\\/siteWP\\\/#\\\/schema\\\/logo\\\/image\\\/\",\"url\":\"https:\\\/\\\/www.fil-fle-lyon.com\\\/siteWP\\\/wp-content\\\/uploads\\\/2020\\\/12\\\/cropped-fil-baseline1-12_2016-1-2.jpg\",\"contentUrl\":\"https:\\\/\\\/www.fil-fle-lyon.com\\\/siteWP\\\/wp-content\\\/uploads\\\/2020\\\/12\\\/cropped-fil-baseline1-12_2016-1-2.jpg\",\"width\":1130,\"height\":421,\"caption\":\"FIL (faciliter l'i\"},\"image\":{\"@id\":\"https:\\\/\\\/www.fil-fle-lyon.com\\\/siteWP\\\/#\\\/schema\\\/logo\\\/image\\\/\"}}]}<\/script>\n<!-- \/ Yoast SEO plugin. -->","yoast_head_json":{"title":"Contact - FIL","robots":{"index":"index","follow":"follow","max-snippet":"max-snippet:-1","max-image-preview":"max-image-preview:large","max-video-preview":"max-video-preview:-1"},"canonical":"https:\/\/www.fil-fle-lyon.com\/siteWP\/contact\/","og_locale":"fr_FR","og_type":"article","og_title":"Contact - FIL","og_description":"Pourquoi voulez-vous contacter FIL ? Pour vous inscrire \u00e0 un cours de fran\u00e7ais, il est inutile d&rsquo;envoyer un mail. Lisez attentivement la page \u00ab\u00a0Je cherche un cours\u00a0\u00bb. Celle-ci contient les informations de base dont vous avez besoin : lieux et heures des cours, niveaux et co\u00fbts, et surtout horaires des permanences d&rsquo;accueil. Pour avoir plus [&hellip;]","og_url":"https:\/\/www.fil-fle-lyon.com\/siteWP\/contact\/","og_site_name":"FIL","article_modified_time":"2023-03-11T19:59:00+00:00","twitter_card":"summary_large_image","schema":{"@context":"https:\/\/schema.org","@graph":[{"@type":"WebPage","@id":"https:\/\/www.fil-fle-lyon.com\/siteWP\/contact\/","url":"https:\/\/www.fil-fle-lyon.com\/siteWP\/contact\/","name":"Contact - FIL","isPartOf":{"@id":"https:\/\/www.fil-fle-lyon.com\/siteWP\/#website"},"datePublished":"2023-03-10T18:12:45+00:00","dateModified":"2023-03-11T19:59:00+00:00","breadcrumb":{"@id":"https:\/\/www.fil-fle-lyon.com\/siteWP\/contact\/#breadcrumb"},"inLanguage":"fr-FR","potentialAction":[{"@type":"ReadAction","target":["https:\/\/www.fil-fle-lyon.com\/siteWP\/contact\/"]}]},{"@type":"BreadcrumbList","@id":"https:\/\/www.fil-fle-lyon.com\/siteWP\/contact\/#breadcrumb","itemListElement":[{"@type":"ListItem","position":1,"name":"Accueil","item":"https:\/\/www.fil-fle-lyon.com\/siteWP\/"},{"@type":"ListItem","position":2,"name":"Contact"}]},{"@type":"WebSite","@id":"https:\/\/www.fil-fle-lyon.com\/siteWP\/#website","url":"https:\/\/www.fil-fle-lyon.com\/siteWP\/","name":"FIL","description":"Faciliter l&#039;insertion par la langage","publisher":{"@id":"https:\/\/www.fil-fle-lyon.com\/siteWP\/#organization"},"potentialAction":[{"@type":"SearchAction","target":{"@type":"EntryPoint","urlTemplate":"https:\/\/www.fil-fle-lyon.com\/siteWP\/?s={search_term_string}"},"query-input":{"@type":"PropertyValueSpecification","valueRequired":true,"valueName":"search_term_string"}}],"inLanguage":"fr-FR"},{"@type":"Organization","@id":"https:\/\/www.fil-fle-lyon.com\/siteWP\/#organization","name":"FIL (faciliter l'i","url":"https:\/\/www.fil-fle-lyon.com\/siteWP\/","logo":{"@type":"ImageObject","inLanguage":"fr-FR","@id":"https:\/\/www.fil-fle-lyon.com\/siteWP\/#\/schema\/logo\/image\/","url":"https:\/\/www.fil-fle-lyon.com\/siteWP\/wp-content\/uploads\/2020\/12\/cropped-fil-baseline1-12_2016-1-2.jpg","contentUrl":"https:\/\/www.fil-fle-lyon.com\/siteWP\/wp-content\/uploads\/2020\/12\/cropped-fil-baseline1-12_2016-1-2.jpg","width":1130,"height":421,"caption":"FIL (faciliter l'i"},"image":{"@id":"https:\/\/www.fil-fle-lyon.com\/siteWP\/#\/schema\/logo\/image\/"}}]}},"_links":{"self":[{"href":"https:\/\/www.fil-fle-lyon.com\/siteWP\/wp-json\/wp\/v2\/pages\/5037","targetHints":{"allow":["GET"]}}],"collection":[{"href":"https:\/\/www.fil-fle-lyon.com\/siteWP\/wp-json\/wp\/v2\/pages"}],"about":[{"href":"https:\/\/www.fil-fle-lyon.com\/siteWP\/wp-json\/wp\/v2\/types\/page"}],"author":[{"embeddable":true,"href":"https:\/\/www.fil-fle-lyon.com\/siteWP\/wp-json\/wp\/v2\/users\/3"}],"replies":[{"embeddable":true,"href":"https:\/\/www.fil-fle-lyon.com\/siteWP\/wp-json\/wp\/v2\/comments?post=5037"}],"version-history":[{"count":11,"href":"https:\/\/www.fil-fle-lyon.com\/siteWP\/wp-json\/wp\/v2\/pages\/5037\/revisions"}],"predecessor-version":[{"id":5052,"href":"https:\/\/www.fil-fle-lyon.com\/siteWP\/wp-json\/wp\/v2\/pages\/5037\/revisions\/5052"}],"wp:attachment":[{"href":"https:\/\/www.fil-fle-lyon.com\/siteWP\/wp-json\/wp\/v2\/media?parent=5037"}],"wp:term":[{"taxonomy":"author","embeddable":true,"href":"https:\/\/www.fil-fle-lyon.com\/siteWP\/wp-json\/wp\/v2\/coauthors?post=5037"}],"curies":[{"name":"wp","href":"https:\/\/api.w.org\/{rel}","templated":true}]}}