{"id":1315,"date":"2020-12-05T15:38:39","date_gmt":"2020-12-05T13:38:39","guid":{"rendered":"http:\/\/www.fil-fle-lyon.com\/siteWP\/?page_id=1315"},"modified":"2023-12-05T17:04:23","modified_gmt":"2023-12-05T15:04:23","slug":"nous-soutenir","status":"publish","type":"page","link":"https:\/\/www.fil-fle-lyon.com\/siteWP\/nous-soutenir\/","title":{"rendered":"Nous soutenir"},"content":{"rendered":"\t\t<div data-elementor-type=\"wp-post\" data-elementor-id=\"1315\" class=\"elementor elementor-1315\">\n\t\t\t\t\t\t<section class=\"elementor-section elementor-top-section elementor-element elementor-element-565900e elementor-section-content-middle elementor-section-boxed elementor-section-height-default elementor-section-height-default\" data-id=\"565900e\" data-element_type=\"section\" data-e-type=\"section\" data-settings=\"{&quot;background_background&quot;:&quot;classic&quot;}\">\n\t\t\t\t\t\t\t<div class=\"elementor-background-overlay\"><\/div>\n\t\t\t\t\t\t\t<div class=\"elementor-container elementor-column-gap-no\">\n\t\t\t\t\t<div class=\"elementor-column elementor-col-100 elementor-top-column elementor-element elementor-element-5ebbe2a\" data-id=\"5ebbe2a\" data-element_type=\"column\" data-e-type=\"column\">\n\t\t\t<div class=\"elementor-widget-wrap elementor-element-populated\">\n\t\t\t\t\t\t<div class=\"elementor-element elementor-element-601ff8d elementor-widget elementor-widget-heading\" data-id=\"601ff8d\" data-element_type=\"widget\" data-e-type=\"widget\" data-widget_type=\"heading.default\">\n\t\t\t\t<div class=\"elementor-widget-container\">\n\t\t\t\t\t<h1 class=\"elementor-heading-title elementor-size-default\">Appel aux Dons<\/h1>\t\t\t\t<\/div>\n\t\t\t\t<\/div>\n\t\t\t\t\t<\/div>\n\t\t<\/div>\n\t\t\t\t\t<\/div>\n\t\t<\/section>\n\t\t\t\t<section class=\"elementor-section elementor-top-section elementor-element elementor-element-fcb7d0c elementor-section-boxed elementor-section-height-default elementor-section-height-default\" data-id=\"fcb7d0c\" data-element_type=\"section\" data-e-type=\"section\">\n\t\t\t\t\t\t<div class=\"elementor-container elementor-column-gap-default\">\n\t\t\t\t\t<div class=\"elementor-column elementor-col-66 elementor-top-column elementor-element elementor-element-11e9360\" data-id=\"11e9360\" data-element_type=\"column\" data-e-type=\"column\">\n\t\t\t<div class=\"elementor-widget-wrap elementor-element-populated\">\n\t\t\t\t\t\t<div class=\"elementor-element elementor-element-f7f9fc6 elementor-widget elementor-widget-heading\" data-id=\"f7f9fc6\" data-element_type=\"widget\" data-e-type=\"widget\" data-widget_type=\"heading.default\">\n\t\t\t\t<div class=\"elementor-widget-container\">\n\t\t\t\t\t<h2 class=\"elementor-heading-title elementor-size-default\">Nous avons besoin de vous pour continuer notre action.<\/h2>\t\t\t\t<\/div>\n\t\t\t\t<\/div>\n\t\t\t\t<div class=\"elementor-element elementor-element-0d58b8f elementor-widget elementor-widget-text-editor\" data-id=\"0d58b8f\" data-element_type=\"widget\" data-e-type=\"widget\" data-widget_type=\"text-editor.default\">\n\t\t\t\t<div class=\"elementor-widget-container\">\n\t\t\t\t\t\t\t\t\t<p>Chaque \u00e9l\u00e8ve peut b\u00e9n\u00e9ficier de 3 \u00e0 6 heures de cours hebdomadaires moyennant une participation qui n&rsquo;exc\u00e8de pas 30 euros par semestre.<\/p>\t\t\t\t\t\t\t\t<\/div>\n\t\t\t\t<\/div>\n\t\t\t\t<div class=\"elementor-element elementor-element-61c50ae elementor-widget elementor-widget-text-editor\" data-id=\"61c50ae\" data-element_type=\"widget\" data-e-type=\"widget\" data-widget_type=\"text-editor.default\">\n\t\t\t\t<div class=\"elementor-widget-container\">\n\t\t\t\t\t\t\t\t\t<p><strong>Aujourd&rsquo;hui nous recevons tr\u00e8s peu d&rsquo;aide financi\u00e8re. C&rsquo;est pourquoi, nous faisons appel \u00e0 vous<\/strong>, particuliers ou entreprises, pour nous soutenir dans notre engagement et nous permettre de poursuivre nos actions.<\/p>\t\t\t\t\t\t\t\t<\/div>\n\t\t\t\t<\/div>\n\t\t\t\t<div class=\"elementor-element elementor-element-13e9a9a elementor-widget elementor-widget-text-editor\" data-id=\"13e9a9a\" data-element_type=\"widget\" data-e-type=\"widget\" data-widget_type=\"text-editor.default\">\n\t\t\t\t<div class=\"elementor-widget-container\">\n\t\t\t\t\t\t\t\t\t<p>Au nom de tous, b\u00e9n\u00e9voles et \u00e9l\u00e8ves, merci d&rsquo;avance.<\/p>\t\t\t\t\t\t\t\t<\/div>\n\t\t\t\t<\/div>\n\t\t\t\t<div class=\"elementor-element elementor-element-635c247 elementor-widget elementor-widget-heading\" data-id=\"635c247\" data-element_type=\"widget\" data-e-type=\"widget\" data-widget_type=\"heading.default\">\n\t\t\t\t<div class=\"elementor-widget-container\">\n\t\t\t\t\t<h2 class=\"elementor-heading-title elementor-size-default\">Je fais un don <\/h2>\t\t\t\t<\/div>\n\t\t\t\t<\/div>\n\t\t\t\t<div class=\"elementor-element elementor-element-fd78d74 elementor-align-center elementor-widget elementor-widget-button\" data-id=\"fd78d74\" data-element_type=\"widget\" data-e-type=\"widget\" data-widget_type=\"button.default\">\n\t\t\t\t<div class=\"elementor-widget-container\">\n\t\t\t\t\t\t\t\t\t<div class=\"elementor-button-wrapper\">\n\t\t\t\t\t<a class=\"elementor-button elementor-button-link elementor-size-sm\" href=\"https:\/\/www.fil-fle-lyon.com\/siteWP\/wp-content\/uploads\/2023\/12\/DON-PAR-COURRIER.pdf\">\n\t\t\t\t\t\t<span class=\"elementor-button-content-wrapper\">\n\t\t\t\t\t\t\t\t\t<span class=\"elementor-button-text\">Je fais un don par courrier<\/span>\n\t\t\t\t\t<\/span>\n\t\t\t\t\t<\/a>\n\t\t\t\t<\/div>\n\t\t\t\t\t\t\t\t<\/div>\n\t\t\t\t<\/div>\n\t\t\t\t<div class=\"elementor-element elementor-element-4e48cde elementor-align-center elementor-widget elementor-widget-button\" data-id=\"4e48cde\" data-element_type=\"widget\" data-e-type=\"widget\" data-widget_type=\"button.default\">\n\t\t\t\t<div class=\"elementor-widget-container\">\n\t\t\t\t\t\t\t\t\t<div class=\"elementor-button-wrapper\">\n\t\t\t\t\t<a class=\"elementor-button elementor-button-link elementor-size-sm\" href=\"https:\/\/www.helloasso.com\/associations\/fil-faciliter-l-insertion-par-le-langage\/formulaires\/1\">\n\t\t\t\t\t\t<span class=\"elementor-button-content-wrapper\">\n\t\t\t\t\t\t\t\t\t<span class=\"elementor-button-text\">Je fais un don en ligne<\/span>\n\t\t\t\t\t<\/span>\n\t\t\t\t\t<\/a>\n\t\t\t\t<\/div>\n\t\t\t\t\t\t\t\t<\/div>\n\t\t\t\t<\/div>\n\t\t\t\t\t<\/div>\n\t\t<\/div>\n\t\t\t\t<div class=\"elementor-column elementor-col-33 elementor-top-column elementor-element elementor-element-a154ae9\" data-id=\"a154ae9\" data-element_type=\"column\" data-e-type=\"column\" data-settings=\"{&quot;background_background&quot;:&quot;classic&quot;}\">\n\t\t\t<div class=\"elementor-widget-wrap elementor-element-populated\">\n\t\t\t\t\t\t<section class=\"elementor-section elementor-inner-section elementor-element elementor-element-3232574 elementor-section-boxed elementor-section-height-default elementor-section-height-default\" data-id=\"3232574\" data-element_type=\"section\" data-e-type=\"section\">\n\t\t\t\t\t\t\t<div class=\"elementor-background-overlay\"><\/div>\n\t\t\t\t\t\t\t<div class=\"elementor-container elementor-column-gap-default\">\n\t\t\t\t\t<div class=\"elementor-column elementor-col-100 elementor-inner-column elementor-element elementor-element-bbdfca9\" data-id=\"bbdfca9\" data-element_type=\"column\" data-e-type=\"column\" data-settings=\"{&quot;background_background&quot;:&quot;classic&quot;}\">\n\t\t\t<div class=\"elementor-widget-wrap elementor-element-populated\">\n\t\t\t\t\t<div class=\"elementor-background-overlay\"><\/div>\n\t\t\t\t\t\t<div class=\"elementor-element elementor-element-5abdb94 elementor-widget elementor-widget-heading\" data-id=\"5abdb94\" data-element_type=\"widget\" data-e-type=\"widget\" data-widget_type=\"heading.default\">\n\t\t\t\t<div class=\"elementor-widget-container\">\n\t\t\t\t\t<h2 class=\"elementor-heading-title elementor-size-default\">Migrants, Demandeurs d'Asile, R\u00e9fugi\u00e9s<\/h2>\t\t\t\t<\/div>\n\t\t\t\t<\/div>\n\t\t\t\t<div class=\"elementor-element elementor-element-5230cb6 elementor-widget elementor-widget-text-editor\" data-id=\"5230cb6\" data-element_type=\"widget\" data-e-type=\"widget\" data-widget_type=\"text-editor.default\">\n\t\t\t\t<div class=\"elementor-widget-container\">\n\t\t\t\t\t\t\t\t\t<div class=\"\" data-block=\"true\" data-editor=\"cbl78\" data-offset-key=\"cfuv3-0-0\"><div class=\"public-DraftStyleDefault-block public-DraftStyleDefault-ltr\" data-offset-key=\"cfuv3-0-0\"><strong><span style=\"font-size: 16px; color: var( --e-global-color-text ); font-family: var( --e-global-typography-text-font-family ), Sans-serif;\">Quelle que soit leur situation sur le territoire fran\u00e7ais et sans aucune discrimination, FIL dispense aux \u00e9trangers des cours de fran\u00e7ais de tous niveaux.\u00a0\u00a0<\/span><\/strong><\/div><\/div>\t\t\t\t\t\t\t\t<\/div>\n\t\t\t\t<\/div>\n\t\t\t\t\t<\/div>\n\t\t<\/div>\n\t\t\t\t\t<\/div>\n\t\t<\/section>\n\t\t\t\t<div class=\"elementor-element elementor-element-c862b45 elementor-widget elementor-widget-image\" data-id=\"c862b45\" data-element_type=\"widget\" data-e-type=\"widget\" data-widget_type=\"image.default\">\n\t\t\t\t<div class=\"elementor-widget-container\">\n\t\t\t\t\t\t\t\t\t\t\t\t\t\t\t<img fetchpriority=\"high\" decoding=\"async\" width=\"800\" height=\"300\" src=\"https:\/\/www.fil-fle-lyon.com\/siteWP\/wp-content\/uploads\/2021\/01\/10.jpg\" class=\"attachment-large size-large wp-image-3748\" alt=\"Cours Fran\u00e7ais Langue Etrang\u00e8re\" srcset=\"https:\/\/www.fil-fle-lyon.com\/siteWP\/wp-content\/uploads\/2021\/01\/10.jpg 800w, https:\/\/www.fil-fle-lyon.com\/siteWP\/wp-content\/uploads\/2021\/01\/10-600x225.jpg 600w, https:\/\/www.fil-fle-lyon.com\/siteWP\/wp-content\/uploads\/2021\/01\/10-768x288.jpg 768w\" sizes=\"(max-width: 800px) 100vw, 800px\" \/>\t\t\t\t\t\t\t\t\t\t\t\t\t\t\t<\/div>\n\t\t\t\t<\/div>\n\t\t\t\t<div class=\"elementor-element elementor-element-211e827 elementor-widget elementor-widget-text-editor\" data-id=\"211e827\" data-element_type=\"widget\" data-e-type=\"widget\" data-widget_type=\"text-editor.default\">\n\t\t\t\t<div class=\"elementor-widget-container\">\n\t\t\t\t\t\t\t\t\t<p>Apr\u00e8s d\u00e9duction fiscale* de 66%<\/p><p>SI JE DONNE <span style=\"text-decoration: underline; color: #9bbe13;\"><strong>50\u20ac<\/strong><\/span><\/p><p><span style=\"font-size: 15px;\">CELA ME CO\u00dbTE <\/span><span style=\"font-size: 15px; text-decoration-line: underline; color: #f27900;\"><strong>17\u20ac<\/strong><\/span><\/p><p>FIL est une association reconnue d&rsquo;int\u00e9r\u00eat g\u00e9n\u00e9ral et les dons consentis peuvent donner lieu \u00e0 des r\u00e9ductions d&rsquo;imp\u00f4t.<\/p>\t\t\t\t\t\t\t\t<\/div>\n\t\t\t\t<\/div>\n\t\t\t\t\t<\/div>\n\t\t<\/div>\n\t\t\t\t\t<\/div>\n\t\t<\/section>\n\t\t\t\t<\/div>\n\t\t","protected":false},"excerpt":{"rendered":"<p>Appel aux Dons Nous avons besoin de vous pour continuer notre action. Chaque \u00e9l\u00e8ve peut b\u00e9n\u00e9ficier de 3 \u00e0 6 heures de cours hebdomadaires moyennant une participation qui n&rsquo;exc\u00e8de pas 30 euros par semestre. Aujourd&rsquo;hui nous recevons tr\u00e8s peu d&rsquo;aide financi\u00e8re. C&rsquo;est pourquoi, nous faisons appel \u00e0 vous, particuliers ou entreprises, pour nous soutenir dans [&hellip;]<\/p>\n","protected":false},"author":3,"featured_media":0,"parent":0,"menu_order":0,"comment_status":"closed","ping_status":"closed","template":"","meta":{"site-sidebar-layout":"no-sidebar","site-content-layout":"page-builder","ast-site-content-layout":"default","site-content-style":"default","site-sidebar-style":"default","ast-global-header-display":"","ast-banner-title-visibility":"","ast-main-header-display":"","ast-hfb-above-header-display":"","ast-hfb-below-header-display":"","ast-hfb-mobile-header-display":"","site-post-title":"disabled","ast-breadcrumbs-content":"","ast-featured-img":"disabled","footer-sml-layout":"","ast-disable-related-posts":"","theme-transparent-header-meta":"enabled","adv-header-id-meta":"","stick-header-meta":"","header-above-stick-meta":"","header-main-stick-meta":"","header-below-stick-meta":"","astra-migrate-meta-layouts":"default","ast-page-background-enabled":"default","ast-page-background-meta":{"desktop":{"background-color":"","background-image":"","background-repeat":"repeat","background-position":"center center","background-size":"auto","background-attachment":"scroll","background-type":"","background-media":"","overlay-type":"","overlay-color":"","overlay-opacity":"","overlay-gradient":""},"tablet":{"background-color":"","background-image":"","background-repeat":"repeat","background-position":"center center","background-size":"auto","background-attachment":"scroll","background-type":"","background-media":"","overlay-type":"","overlay-color":"","overlay-opacity":"","overlay-gradient":""},"mobile":{"background-color":"","background-image":"","background-repeat":"repeat","background-position":"center center","background-size":"auto","background-attachment":"scroll","background-type":"","background-media":"","overlay-type":"","overlay-color":"","overlay-opacity":"","overlay-gradient":""}},"ast-content-background-meta":{"desktop":{"background-color":"var(--ast-global-color-5)","background-image":"","background-repeat":"repeat","background-position":"center center","background-size":"auto","background-attachment":"scroll","background-type":"","background-media":"","overlay-type":"","overlay-color":"","overlay-opacity":"","overlay-gradient":""},"tablet":{"background-color":"var(--ast-global-color-5)","background-image":"","background-repeat":"repeat","background-position":"center center","background-size":"auto","background-attachment":"scroll","background-type":"","background-media":"","overlay-type":"","overlay-color":"","overlay-opacity":"","overlay-gradient":""},"mobile":{"background-color":"var(--ast-global-color-5)","background-image":"","background-repeat":"repeat","background-position":"center center","background-size":"auto","background-attachment":"scroll","background-type":"","background-media":"","overlay-type":"","overlay-color":"","overlay-opacity":"","overlay-gradient":""}},"footnotes":""},"coauthors":[],"class_list":["post-1315","page","type-page","status-publish","hentry"],"yoast_head":"<!-- This site is optimized with the Yoast SEO plugin v27.4 - https:\/\/yoast.com\/product\/yoast-seo-wordpress\/ -->\n<title>Nous soutenir - FIL<\/title>\n<meta name=\"description\" content=\"Association FIL, Cours de fran\u00e7ais pour migrants, enseignement pour demandeurs d&#039;asile, FLE, Fran\u00e7ais Langue Etrang\u00e8re, formateurs b\u00e9n\u00e9voles.\" \/>\n<meta name=\"robots\" content=\"index, follow, max-snippet:-1, max-image-preview:large, max-video-preview:-1\" \/>\n<link rel=\"canonical\" href=\"https:\/\/www.fil-fle-lyon.com\/siteWP\/nous-soutenir\/\" \/>\n<meta property=\"og:locale\" content=\"fr_FR\" \/>\n<meta property=\"og:type\" content=\"article\" \/>\n<meta property=\"og:title\" content=\"Nous soutenir - FIL\" \/>\n<meta property=\"og:description\" content=\"Association FIL, Cours de fran\u00e7ais pour migrants, enseignement pour demandeurs d&#039;asile, FLE, Fran\u00e7ais Langue Etrang\u00e8re, formateurs b\u00e9n\u00e9voles.\" \/>\n<meta property=\"og:url\" content=\"https:\/\/www.fil-fle-lyon.com\/siteWP\/nous-soutenir\/\" \/>\n<meta property=\"og:site_name\" content=\"FIL\" \/>\n<meta property=\"article:modified_time\" content=\"2023-12-05T15:04:23+00:00\" \/>\n<meta property=\"og:image\" content=\"https:\/\/www.fil-fle-lyon.com\/siteWP\/wp-content\/uploads\/2021\/01\/10.jpg\" \/>\n<meta name=\"twitter:card\" content=\"summary_large_image\" \/>\n<script type=\"application\/ld+json\" class=\"yoast-schema-graph\">{\"@context\":\"https:\\\/\\\/schema.org\",\"@graph\":[{\"@type\":\"WebPage\",\"@id\":\"https:\\\/\\\/www.fil-fle-lyon.com\\\/siteWP\\\/nous-soutenir\\\/\",\"url\":\"https:\\\/\\\/www.fil-fle-lyon.com\\\/siteWP\\\/nous-soutenir\\\/\",\"name\":\"Nous soutenir - FIL\",\"isPartOf\":{\"@id\":\"https:\\\/\\\/www.fil-fle-lyon.com\\\/siteWP\\\/#website\"},\"primaryImageOfPage\":{\"@id\":\"https:\\\/\\\/www.fil-fle-lyon.com\\\/siteWP\\\/nous-soutenir\\\/#primaryimage\"},\"image\":{\"@id\":\"https:\\\/\\\/www.fil-fle-lyon.com\\\/siteWP\\\/nous-soutenir\\\/#primaryimage\"},\"thumbnailUrl\":\"https:\\\/\\\/www.fil-fle-lyon.com\\\/siteWP\\\/wp-content\\\/uploads\\\/2021\\\/01\\\/10.jpg\",\"datePublished\":\"2020-12-05T13:38:39+00:00\",\"dateModified\":\"2023-12-05T15:04:23+00:00\",\"description\":\"Association FIL, Cours de fran\u00e7ais pour migrants, enseignement pour demandeurs d'asile, FLE, Fran\u00e7ais Langue Etrang\u00e8re, formateurs b\u00e9n\u00e9voles.\",\"breadcrumb\":{\"@id\":\"https:\\\/\\\/www.fil-fle-lyon.com\\\/siteWP\\\/nous-soutenir\\\/#breadcrumb\"},\"inLanguage\":\"fr-FR\",\"potentialAction\":[{\"@type\":\"ReadAction\",\"target\":[\"https:\\\/\\\/www.fil-fle-lyon.com\\\/siteWP\\\/nous-soutenir\\\/\"]}]},{\"@type\":\"ImageObject\",\"inLanguage\":\"fr-FR\",\"@id\":\"https:\\\/\\\/www.fil-fle-lyon.com\\\/siteWP\\\/nous-soutenir\\\/#primaryimage\",\"url\":\"https:\\\/\\\/www.fil-fle-lyon.com\\\/siteWP\\\/wp-content\\\/uploads\\\/2021\\\/01\\\/10.jpg\",\"contentUrl\":\"https:\\\/\\\/www.fil-fle-lyon.com\\\/siteWP\\\/wp-content\\\/uploads\\\/2021\\\/01\\\/10.jpg\",\"width\":800,\"height\":300,\"caption\":\"Cours Fran\u00e7ais Langue Etrang\u00e8re\"},{\"@type\":\"BreadcrumbList\",\"@id\":\"https:\\\/\\\/www.fil-fle-lyon.com\\\/siteWP\\\/nous-soutenir\\\/#breadcrumb\",\"itemListElement\":[{\"@type\":\"ListItem\",\"position\":1,\"name\":\"Accueil\",\"item\":\"https:\\\/\\\/www.fil-fle-lyon.com\\\/siteWP\\\/\"},{\"@type\":\"ListItem\",\"position\":2,\"name\":\"Nous soutenir\"}]},{\"@type\":\"WebSite\",\"@id\":\"https:\\\/\\\/www.fil-fle-lyon.com\\\/siteWP\\\/#website\",\"url\":\"https:\\\/\\\/www.fil-fle-lyon.com\\\/siteWP\\\/\",\"name\":\"FIL\",\"description\":\"Faciliter l&#039;insertion par la langage\",\"publisher\":{\"@id\":\"https:\\\/\\\/www.fil-fle-lyon.com\\\/siteWP\\\/#organization\"},\"potentialAction\":[{\"@type\":\"SearchAction\",\"target\":{\"@type\":\"EntryPoint\",\"urlTemplate\":\"https:\\\/\\\/www.fil-fle-lyon.com\\\/siteWP\\\/?s={search_term_string}\"},\"query-input\":{\"@type\":\"PropertyValueSpecification\",\"valueRequired\":true,\"valueName\":\"search_term_string\"}}],\"inLanguage\":\"fr-FR\"},{\"@type\":\"Organization\",\"@id\":\"https:\\\/\\\/www.fil-fle-lyon.com\\\/siteWP\\\/#organization\",\"name\":\"FIL (faciliter l'i\",\"url\":\"https:\\\/\\\/www.fil-fle-lyon.com\\\/siteWP\\\/\",\"logo\":{\"@type\":\"ImageObject\",\"inLanguage\":\"fr-FR\",\"@id\":\"https:\\\/\\\/www.fil-fle-lyon.com\\\/siteWP\\\/#\\\/schema\\\/logo\\\/image\\\/\",\"url\":\"https:\\\/\\\/www.fil-fle-lyon.com\\\/siteWP\\\/wp-content\\\/uploads\\\/2020\\\/12\\\/cropped-fil-baseline1-12_2016-1-2.jpg\",\"contentUrl\":\"https:\\\/\\\/www.fil-fle-lyon.com\\\/siteWP\\\/wp-content\\\/uploads\\\/2020\\\/12\\\/cropped-fil-baseline1-12_2016-1-2.jpg\",\"width\":1130,\"height\":421,\"caption\":\"FIL (faciliter l'i\"},\"image\":{\"@id\":\"https:\\\/\\\/www.fil-fle-lyon.com\\\/siteWP\\\/#\\\/schema\\\/logo\\\/image\\\/\"}}]}<\/script>\n<!-- \/ Yoast SEO plugin. -->","yoast_head_json":{"title":"Nous soutenir - FIL","description":"Association FIL, Cours de fran\u00e7ais pour migrants, enseignement pour demandeurs d'asile, FLE, Fran\u00e7ais Langue Etrang\u00e8re, formateurs b\u00e9n\u00e9voles.","robots":{"index":"index","follow":"follow","max-snippet":"max-snippet:-1","max-image-preview":"max-image-preview:large","max-video-preview":"max-video-preview:-1"},"canonical":"https:\/\/www.fil-fle-lyon.com\/siteWP\/nous-soutenir\/","og_locale":"fr_FR","og_type":"article","og_title":"Nous soutenir - FIL","og_description":"Association FIL, Cours de fran\u00e7ais pour migrants, enseignement pour demandeurs d'asile, FLE, Fran\u00e7ais Langue Etrang\u00e8re, formateurs b\u00e9n\u00e9voles.","og_url":"https:\/\/www.fil-fle-lyon.com\/siteWP\/nous-soutenir\/","og_site_name":"FIL","article_modified_time":"2023-12-05T15:04:23+00:00","og_image":[{"url":"https:\/\/www.fil-fle-lyon.com\/siteWP\/wp-content\/uploads\/2021\/01\/10.jpg","type":"","width":"","height":""}],"twitter_card":"summary_large_image","schema":{"@context":"https:\/\/schema.org","@graph":[{"@type":"WebPage","@id":"https:\/\/www.fil-fle-lyon.com\/siteWP\/nous-soutenir\/","url":"https:\/\/www.fil-fle-lyon.com\/siteWP\/nous-soutenir\/","name":"Nous soutenir - FIL","isPartOf":{"@id":"https:\/\/www.fil-fle-lyon.com\/siteWP\/#website"},"primaryImageOfPage":{"@id":"https:\/\/www.fil-fle-lyon.com\/siteWP\/nous-soutenir\/#primaryimage"},"image":{"@id":"https:\/\/www.fil-fle-lyon.com\/siteWP\/nous-soutenir\/#primaryimage"},"thumbnailUrl":"https:\/\/www.fil-fle-lyon.com\/siteWP\/wp-content\/uploads\/2021\/01\/10.jpg","datePublished":"2020-12-05T13:38:39+00:00","dateModified":"2023-12-05T15:04:23+00:00","description":"Association FIL, Cours de fran\u00e7ais pour migrants, enseignement pour demandeurs d'asile, FLE, Fran\u00e7ais Langue Etrang\u00e8re, formateurs b\u00e9n\u00e9voles.","breadcrumb":{"@id":"https:\/\/www.fil-fle-lyon.com\/siteWP\/nous-soutenir\/#breadcrumb"},"inLanguage":"fr-FR","potentialAction":[{"@type":"ReadAction","target":["https:\/\/www.fil-fle-lyon.com\/siteWP\/nous-soutenir\/"]}]},{"@type":"ImageObject","inLanguage":"fr-FR","@id":"https:\/\/www.fil-fle-lyon.com\/siteWP\/nous-soutenir\/#primaryimage","url":"https:\/\/www.fil-fle-lyon.com\/siteWP\/wp-content\/uploads\/2021\/01\/10.jpg","contentUrl":"https:\/\/www.fil-fle-lyon.com\/siteWP\/wp-content\/uploads\/2021\/01\/10.jpg","width":800,"height":300,"caption":"Cours Fran\u00e7ais Langue Etrang\u00e8re"},{"@type":"BreadcrumbList","@id":"https:\/\/www.fil-fle-lyon.com\/siteWP\/nous-soutenir\/#breadcrumb","itemListElement":[{"@type":"ListItem","position":1,"name":"Accueil","item":"https:\/\/www.fil-fle-lyon.com\/siteWP\/"},{"@type":"ListItem","position":2,"name":"Nous soutenir"}]},{"@type":"WebSite","@id":"https:\/\/www.fil-fle-lyon.com\/siteWP\/#website","url":"https:\/\/www.fil-fle-lyon.com\/siteWP\/","name":"FIL","description":"Faciliter l&#039;insertion par la langage","publisher":{"@id":"https:\/\/www.fil-fle-lyon.com\/siteWP\/#organization"},"potentialAction":[{"@type":"SearchAction","target":{"@type":"EntryPoint","urlTemplate":"https:\/\/www.fil-fle-lyon.com\/siteWP\/?s={search_term_string}"},"query-input":{"@type":"PropertyValueSpecification","valueRequired":true,"valueName":"search_term_string"}}],"inLanguage":"fr-FR"},{"@type":"Organization","@id":"https:\/\/www.fil-fle-lyon.com\/siteWP\/#organization","name":"FIL (faciliter l'i","url":"https:\/\/www.fil-fle-lyon.com\/siteWP\/","logo":{"@type":"ImageObject","inLanguage":"fr-FR","@id":"https:\/\/www.fil-fle-lyon.com\/siteWP\/#\/schema\/logo\/image\/","url":"https:\/\/www.fil-fle-lyon.com\/siteWP\/wp-content\/uploads\/2020\/12\/cropped-fil-baseline1-12_2016-1-2.jpg","contentUrl":"https:\/\/www.fil-fle-lyon.com\/siteWP\/wp-content\/uploads\/2020\/12\/cropped-fil-baseline1-12_2016-1-2.jpg","width":1130,"height":421,"caption":"FIL (faciliter l'i"},"image":{"@id":"https:\/\/www.fil-fle-lyon.com\/siteWP\/#\/schema\/logo\/image\/"}}]}},"_links":{"self":[{"href":"https:\/\/www.fil-fle-lyon.com\/siteWP\/wp-json\/wp\/v2\/pages\/1315","targetHints":{"allow":["GET"]}}],"collection":[{"href":"https:\/\/www.fil-fle-lyon.com\/siteWP\/wp-json\/wp\/v2\/pages"}],"about":[{"href":"https:\/\/www.fil-fle-lyon.com\/siteWP\/wp-json\/wp\/v2\/types\/page"}],"author":[{"embeddable":true,"href":"https:\/\/www.fil-fle-lyon.com\/siteWP\/wp-json\/wp\/v2\/users\/3"}],"replies":[{"embeddable":true,"href":"https:\/\/www.fil-fle-lyon.com\/siteWP\/wp-json\/wp\/v2\/comments?post=1315"}],"version-history":[{"count":406,"href":"https:\/\/www.fil-fle-lyon.com\/siteWP\/wp-json\/wp\/v2\/pages\/1315\/revisions"}],"predecessor-version":[{"id":5318,"href":"https:\/\/www.fil-fle-lyon.com\/siteWP\/wp-json\/wp\/v2\/pages\/1315\/revisions\/5318"}],"wp:attachment":[{"href":"https:\/\/www.fil-fle-lyon.com\/siteWP\/wp-json\/wp\/v2\/media?parent=1315"}],"wp:term":[{"taxonomy":"author","embeddable":true,"href":"https:\/\/www.fil-fle-lyon.com\/siteWP\/wp-json\/wp\/v2\/coauthors?post=1315"}],"curies":[{"name":"wp","href":"https:\/\/api.w.org\/{rel}","templated":true}]}}